{"id":1152,"date":"2020-03-07T07:07:14","date_gmt":"2020-03-07T07:07:14","guid":{"rendered":"https:\/\/ceff-lab.ch\/?page_id=1152"},"modified":"2020-11-24T18:08:07","modified_gmt":"2020-11-24T18:08:07","slug":"technique-impression-3d-decoupe-laser","status":"publish","type":"page","link":"https:\/\/ceff-lab.ch\/index.php\/technique-impression-3d-decoupe-laser\/","title":{"rendered":"Infos"},"content":{"rendered":"\n<h2 class=\"wp-block-heading\">Mod\u00e9lisation 3D sur ordinateur<\/h2>\n\n\n\n<p>Pour cr\u00e9er ses propres pi\u00e8ces il est n\u00e9cessaire de ma\u00eetriser un logiciel de mod\u00e9lisation 3D.<br>Il existe de nombreux logiciels sur le march\u00e9, de la version simplifi\u00e9e pour d\u00e9butant  aux syst\u00e8mes professionnels les plus perfectionn\u00e9s.<br><br>Certains de ces logiciels sont sp\u00e9cifiques \u00e0 une domaine particulier, par exemple la mod\u00e9lisation de mol\u00e9cules en chimie, la conception de charpente, \u2026<br><br>Nous avons opt\u00e9 pour Fusion 360 car il fait partie de la cat\u00e9gorie des logiciels CFAO (Conception et Fabrication Assist\u00e9e par Ordinateur) cr\u00e9\u00e9 par une soci\u00e9t\u00e9 de renomm\u00e9e mondiale.<br><br>Fusion 360 permet non seulement de mod\u00e9liser les objets mais \u00e9galement de faire les mises en plans, les assemblages, le calcul des structures et le codage pour l&rsquo;usinage CNC. <br><br>Fusion 360 est un logiciel qui est disponible gratuitement pour les \u00e9tudiants et les priv\u00e9s dans le cadre d&rsquo;une utilisation non professionnelle .<br><\/p>\n\n\n\n<h4 class=\"wp-block-heading\"><a href=\"https:\/\/www.autodesk.fr\/products\/fusion-360\/personal\">Renseignements pour une licence Fusion 360 ici.<\/a><\/h4>\n\n\n\n<p><\/p>\n\n\n\n<h2 class=\"wp-block-heading\">Impression 3D<\/h2>\n\n\n\n<h2 class=\"wp-block-heading\">Param\u00e9trage impression 3D<\/h2>\n\n\n\n<p>L&rsquo;utilisation d&rsquo;une imprimante 3D impose la ma\u00eetrise d&rsquo;un logiciel de tranchage qui d\u00e9coupe le mod\u00e8le 3D en couches horizontales et g\u00e9n\u00e8re les chemins appropri\u00e9s pour les imprimer. Il existe plusieurs programmes que l&rsquo;on peut t\u00e9l\u00e9charger et utiliser gratuitement.<br>Au ceff-LAB, nous en utilisons deux : Slic3R et Cura. <br><br>Voici un document du ceff-LAB qui rassemble les principes de base de Slic3R et Cura ainsi que de nombreux conseils et exemples de param\u00e9trage <\/p>\n\n\n\n<div class=\"wp-block-file\"><a href=\"https:\/\/ceff-lab.ch\/wp-content\/uploads\/2020\/03\/Tranchage.pdf\">Bases du tranchage et param\u00e9trage <\/a><a href=\"https:\/\/ceff-lab.ch\/wp-content\/uploads\/2020\/03\/Tranchage.pdf\" class=\"wp-block-file__button\" download>T\u00e9l\u00e9charger<\/a><\/div>\n\n\n\n<h2 class=\"wp-block-heading\">Le manuel utilisateur en fran\u00e7ais de Slic3R <\/h2>\n\n\n\n<div class=\"wp-block-file\"><a href=\"https:\/\/ceff-lab.ch\/wp-content\/uploads\/2020\/03\/slic3r-manual-fr.pdf\"> Le manuel de Slic3R Gary Hodgson en fran\u00e7ais est t\u00e9l\u00e9chargeable ici <\/a><a href=\"https:\/\/ceff-lab.ch\/wp-content\/uploads\/2020\/03\/slic3r-manual-fr.pdf\" class=\"wp-block-file__button\" download>T\u00e9l\u00e9charger<\/a><\/div>\n\n\n\n<p> Ce manuel fournira des conseils sur la fa\u00e7on d\u2019installer, de con\ufb01gurer et utiliser Slic3r a\ufb01n de produire d\u2019excellentes impressions <\/p>\n\n\n\n<figure class=\"wp-block-image size-large\"><img loading=\"lazy\" decoding=\"async\" width=\"928\" height=\"627\" src=\"https:\/\/ceff-lab.ch\/wp-content\/uploads\/2020\/03\/Slic3R.jpg\" alt=\"\" class=\"wp-image-1154\" srcset=\"https:\/\/ceff-lab.ch\/wp-content\/uploads\/2020\/03\/Slic3R.jpg 928w, https:\/\/ceff-lab.ch\/wp-content\/uploads\/2020\/03\/Slic3R-300x203.jpg 300w, https:\/\/ceff-lab.ch\/wp-content\/uploads\/2020\/03\/Slic3R-768x519.jpg 768w\" sizes=\"(max-width: 928px) 100vw, 928px\" \/><\/figure>\n","protected":false},"excerpt":{"rendered":"<p>Mod\u00e9lisation 3D sur ordinateur Pour cr\u00e9er ses propres pi\u00e8ces il est n\u00e9cessaire de ma\u00eetriser un logiciel de mod\u00e9lisation 3D.Il existe de nombreux logiciels sur le march\u00e9, de la version simplifi\u00e9e pour d\u00e9butant aux syst\u00e8mes professionnels les plus perfectionn\u00e9s. Certains de ces logiciels sont sp\u00e9cifiques \u00e0 une domaine particulier, par exemple la mod\u00e9lisation de mol\u00e9cules en chimie, la conception de&#46;&#46;&#46;<\/p>\n","protected":false},"author":1,"featured_media":0,"parent":0,"menu_order":0,"comment_status":"closed","ping_status":"closed","template":"","meta":{"footnotes":""},"class_list":["post-1152","page","type-page","status-publish","hentry"],"_links":{"self":[{"href":"https:\/\/ceff-lab.ch\/index.php\/wp-json\/wp\/v2\/pages\/1152"}],"collection":[{"href":"https:\/\/ceff-lab.ch\/index.php\/wp-json\/wp\/v2\/pages"}],"about":[{"href":"https:\/\/ceff-lab.ch\/index.php\/wp-json\/wp\/v2\/types\/page"}],"author":[{"embeddable":true,"href":"https:\/\/ceff-lab.ch\/index.php\/wp-json\/wp\/v2\/users\/1"}],"replies":[{"embeddable":true,"href":"https:\/\/ceff-lab.ch\/index.php\/wp-json\/wp\/v2\/comments?post=1152"}],"version-history":[{"count":13,"href":"https:\/\/ceff-lab.ch\/index.php\/wp-json\/wp\/v2\/pages\/1152\/revisions"}],"predecessor-version":[{"id":1361,"href":"https:\/\/ceff-lab.ch\/index.php\/wp-json\/wp\/v2\/pages\/1152\/revisions\/1361"}],"wp:attachment":[{"href":"https:\/\/ceff-lab.ch\/index.php\/wp-json\/wp\/v2\/media?parent=1152"}],"curies":[{"name":"wp","href":"https:\/\/api.w.org\/{rel}","templated":true}]}}