{"id":189,"date":"2019-10-09T12:58:53","date_gmt":"2019-10-09T12:58:53","guid":{"rendered":"http:\/\/ceff-lab.ch\/?page_id=189"},"modified":"2022-07-22T09:59:24","modified_gmt":"2022-07-22T09:59:24","slug":"acces","status":"publish","type":"page","link":"https:\/\/ceff-lab.ch\/index.php\/acces\/","title":{"rendered":"Acc\u00e8s au ceff-LAB"},"content":{"rendered":"\n<p class=\"has-text-align-center\">Le ceff-LAB se situe dans les locaux du ceff Artisanat. L&rsquo;acc\u00e8s au ceff-LAB se fait par la route qui m\u00e8ne \u00e0 l&rsquo;arri\u00e8re du b\u00e2timent.<br><\/p>\n\n\n\n<p class=\"has-text-align-center\"><img loading=\"lazy\" decoding=\"async\" width=\"300\" height=\"204\" class=\"wp-image-184\" style=\"width: 300px;\" src=\"https:\/\/ceff-lab.ch\/wp-content\/uploads\/2019\/10\/image-1.png\" alt=\"\" srcset=\"https:\/\/ceff-lab.ch\/wp-content\/uploads\/2019\/10\/image-1.png 486w, https:\/\/ceff-lab.ch\/wp-content\/uploads\/2019\/10\/image-1-300x204.png 300w\" sizes=\"(max-width: 300px) 100vw, 300px\" \/><\/p>\n\n\n\n<p class=\"has-text-align-center\"><br>Les heures d&rsquo;ouverture ainsi que l&rsquo;occupation de l&rsquo;atelier et des machines sont visibles sur le <a href=\"http:\/\/ceff-lab.ch\/index.php\/calendrier\/\">calendrier<\/a>.<\/p>\n\n\n\n<figure><iframe loading=\"lazy\" src=\"https:\/\/www.google.com\/maps\/embed?pb=!1m14!1m8!1m3!1d10826.988718479364!2d7.3697208!3d47.2801965!3m2!1i1024!2i768!4f13.1!3m3!1m2!1s0x4791e0a36127f3e9%3A0x52f1bbe054e24a64!2sceff%20ARTISANAT%20-%20Centre%20de%20formation%20professionnel%20Berne%20francophone!5e0!3m2!1sfr!2sch!4v1570556228077!5m2!1sfr!2sch\" allowfullscreen=\"\" width=\"100%\" height=\"450\"><\/iframe><\/figure>\n\n\n<p><!--EndFragment--><\/p>\n\n\n<p><\/p>\n","protected":false},"excerpt":{"rendered":"<p>Le ceff-LAB se situe dans les locaux du ceff Artisanat. L&rsquo;acc\u00e8s au ceff-LAB se fait par la route qui m\u00e8ne \u00e0 l&rsquo;arri\u00e8re du b\u00e2timent. Les heures d&rsquo;ouverture ainsi que l&rsquo;occupation de l&rsquo;atelier et des machines sont visibles sur le calendrier.<\/p>\n","protected":false},"author":1,"featured_media":0,"parent":0,"menu_order":0,"comment_status":"closed","ping_status":"closed","template":"","meta":{"footnotes":""},"class_list":["post-189","page","type-page","status-publish","hentry"],"_links":{"self":[{"href":"https:\/\/ceff-lab.ch\/index.php\/wp-json\/wp\/v2\/pages\/189"}],"collection":[{"href":"https:\/\/ceff-lab.ch\/index.php\/wp-json\/wp\/v2\/pages"}],"about":[{"href":"https:\/\/ceff-lab.ch\/index.php\/wp-json\/wp\/v2\/types\/page"}],"author":[{"embeddable":true,"href":"https:\/\/ceff-lab.ch\/index.php\/wp-json\/wp\/v2\/users\/1"}],"replies":[{"embeddable":true,"href":"https:\/\/ceff-lab.ch\/index.php\/wp-json\/wp\/v2\/comments?post=189"}],"version-history":[{"count":24,"href":"https:\/\/ceff-lab.ch\/index.php\/wp-json\/wp\/v2\/pages\/189\/revisions"}],"predecessor-version":[{"id":1717,"href":"https:\/\/ceff-lab.ch\/index.php\/wp-json\/wp\/v2\/pages\/189\/revisions\/1717"}],"wp:attachment":[{"href":"https:\/\/ceff-lab.ch\/index.php\/wp-json\/wp\/v2\/media?parent=189"}],"curies":[{"name":"wp","href":"https:\/\/api.w.org\/{rel}","templated":true}]}}