{"id":224,"date":"2019-10-11T10:17:24","date_gmt":"2019-10-11T10:17:24","guid":{"rendered":"http:\/\/ceff-lab.ch\/?page_id=224"},"modified":"2026-03-06T09:28:23","modified_gmt":"2026-03-06T09:28:23","slug":"prix","status":"publish","type":"page","link":"https:\/\/ceff-lab.ch\/index.php\/prix\/","title":{"rendered":"Prix"},"content":{"rendered":"\n<h2 class=\"wp-block-heading\">Abonnement<\/h2>\n\n\n\n<p> Un abonnement permet d&rsquo;obtenir un rabais demi-prix sur la location des machines (hors mati\u00e8re et outillage).<br>Abonnement, prix normal par ann\u00e9e : 180CHF <br>Abonnement, prix \u00e9tudiant\/AVS et personnel ceff, par ann\u00e9e : 90CHF<br><\/p>\n\n\n\n<h2 class=\"wp-block-heading\">Cours d&rsquo;initiation<\/h2>\n\n\n\n<p>Les cours d&rsquo;initiation pour la d\u00e9coupe laser ou l&rsquo;impression 3D durent au maximum1h30 et sont factur\u00e9s 20CHF par participant (avec ou sans abonnement). Voir le <a href=\"http:\/\/ceff-lab.ch\/index.php\/calendrier\/\">calendrier<\/a> pour les dates programm\u00e9es.<br>Les cours d&rsquo;initiation sont obligatoires pour pouvoir utiliser les machines de mani\u00e8re autonome.<\/p>\n\n\n\n<h2 class=\"wp-block-heading\">D\u00e9coupe laser (bois, plastique, carton, papier)<\/h2>\n\n\n\n<p>Sans abonnement : 40CHF par heure<br>Avec abonnement : 20CHF par heure<\/p>\n\n\n\n<h2 class=\"wp-block-heading\">Plotter de d\u00e9coupe (pour autocollant et T-Shirt)<\/h2>\n\n\n\n<p>Sans abonnement : 20CHF par heure<br>Avec abonnement : 10CHF par heure<\/p>\n\n\n\n\n\n<h2 class=\"wp-block-heading\">Atelier et machines conventionnelles<\/h2>\n\n\n\n<p>Sans abonnement : Tournage\/per\u00e7age : 10CHF par heure. Fraisage : 20CHF par heure.<br>Avec abonnement : Tournage\/per\u00e7age :  5CHF par heure. Fraisage : 10CHF par heure. <\/p>\n\n\n\n<h2 class=\"wp-block-heading\">Imprimante 3D <\/h2>\n\n\n\n<p> Sans abonnement : 10 centimes par gramme de mati\u00e8re utilis\u00e9e<br>Avec abonnement :   5 centimes par gramme de mati\u00e8re utilis\u00e9e<\/p>\n\n\n\n<h2 class=\"wp-block-heading\">Ordinateur (PC)<\/h2>\n\n\n\n<p>Sans abonnement : 2CHF par heure.<br>Avec abonnement : 1CHF par heure.<\/p>\n\n\n\n<h2 class=\"wp-block-heading\">Sableuse<\/h2>\n\n\n\n<p>Sans abonnement : 10CHF par heure<br>Avec abonnement : 5CHF par heure<\/p>\n\n\n\n<h2 class=\"wp-block-heading\">Poste \u00e0 braser<\/h2>\n\n\n\n<p>sans abonnement : 2CHF par heure<br>Avec abonnement : 1CHF par heure<\/p>\n","protected":false},"excerpt":{"rendered":"<p>Abonnement Un abonnement permet d&rsquo;obtenir un rabais demi-prix sur la location des machines (hors mati\u00e8re et outillage).Abonnement, prix normal par ann\u00e9e : 180CHF Abonnement, prix \u00e9tudiant\/AVS et personnel ceff, par ann\u00e9e : 90CHF Cours d&rsquo;initiation Les cours d&rsquo;initiation pour la d\u00e9coupe laser ou l&rsquo;impression 3D durent au maximum1h30 et sont factur\u00e9s 20CHF par participant (avec ou sans abonnement). Voir&#46;&#46;&#46;<\/p>\n","protected":false},"author":1,"featured_media":0,"parent":0,"menu_order":0,"comment_status":"closed","ping_status":"closed","template":"","meta":{"footnotes":""},"class_list":["post-224","page","type-page","status-publish","hentry"],"_links":{"self":[{"href":"https:\/\/ceff-lab.ch\/index.php\/wp-json\/wp\/v2\/pages\/224"}],"collection":[{"href":"https:\/\/ceff-lab.ch\/index.php\/wp-json\/wp\/v2\/pages"}],"about":[{"href":"https:\/\/ceff-lab.ch\/index.php\/wp-json\/wp\/v2\/types\/page"}],"author":[{"embeddable":true,"href":"https:\/\/ceff-lab.ch\/index.php\/wp-json\/wp\/v2\/users\/1"}],"replies":[{"embeddable":true,"href":"https:\/\/ceff-lab.ch\/index.php\/wp-json\/wp\/v2\/comments?post=224"}],"version-history":[{"count":45,"href":"https:\/\/ceff-lab.ch\/index.php\/wp-json\/wp\/v2\/pages\/224\/revisions"}],"predecessor-version":[{"id":2224,"href":"https:\/\/ceff-lab.ch\/index.php\/wp-json\/wp\/v2\/pages\/224\/revisions\/2224"}],"wp:attachment":[{"href":"https:\/\/ceff-lab.ch\/index.php\/wp-json\/wp\/v2\/media?parent=224"}],"curies":[{"name":"wp","href":"https:\/\/api.w.org\/{rel}","templated":true}]}}