{"id":88,"date":"2019-10-07T14:43:58","date_gmt":"2019-10-07T14:43:58","guid":{"rendered":"http:\/\/ceff-lab.ch\/?page_id=88"},"modified":"2020-12-28T17:10:07","modified_gmt":"2020-12-28T17:10:07","slug":"concept","status":"publish","type":"page","link":"https:\/\/ceff-lab.ch\/index.php\/concept\/","title":{"rendered":"Concept"},"content":{"rendered":"<p><!--StartFragment--><\/p>\n\n\n<h2 class=\"wp-block-heading\">Qu&rsquo;est-ce que le ceff-LAB ?<\/h2>\n\n\n\n<div class=\"wp-block-image\"><figure class=\"alignleft is-resized\"><img loading=\"lazy\" decoding=\"async\" src=\"http:\/\/ceff-lab.ch\/wp-content\/uploads\/2019\/10\/Fab_Lab_logo.svg.png\" alt=\"\" class=\"wp-image-125\" width=\"100\" height=\"240\"\/><\/figure><\/div>\n\n\n\n<p>Le Ceff-LAB est un fablab (contraction des mots fabrique et laboratoire) comme il en existe de nombreux autres dans le monde et en Suisse. Chaque fablab doit adh\u00e9rer \u00e0 la charte mise en place par le MIT (Massachusetts Institute of Technology).<\/p>\n\n\n\n<p>Les documents suivants sont disponibles au format pdf<\/p>\n\n\n\n<h2 class=\"wp-block-heading\">La charte FAB LAB<\/h2>\n\n\n\n<div class=\"wp-block-file\"><a href=\"http:\/\/ceff-lab.ch\/wp-content\/uploads\/2019\/10\/Charte-ceff-LAB.pdf\">Charte FAB LAB<\/a><a href=\"http:\/\/ceff-lab.ch\/wp-content\/uploads\/2019\/10\/Charte-ceff-LAB.pdf\" class=\"wp-block-file__button\" download>T\u00e9l\u00e9charger<\/a><\/div>\n\n\n\n<h2 class=\"wp-block-heading\">Le r\u00e8glement ceff-LAB<\/h2>\n\n\n<p><!--StartFragment--><\/p>\n\n\n<div class=\"wp-block-file\"><a href=\"http:\/\/ceff-lab.ch\/wp-content\/uploads\/2019\/10\/R\u00e8glement-ceff-LAB-2019-10-01.pdf\">R\u00e8glement ceff-LAB <\/a><a href=\"http:\/\/ceff-lab.ch\/wp-content\/uploads\/2019\/10\/R\u00e8glement-ceff-LAB-2019-10-01.pdf\" class=\"wp-block-file__button\" download>T\u00e9l\u00e9charger<\/a><\/div>\n\n\n<p><!--EndFragment--><\/p>\n\n\n<h2 class=\"wp-block-heading\">Devenir utilisateur<\/h2>\n\n\n\n<p>Pour devenir utilisateur du ceff-LAB, il est n\u00e9cessaire de prendre connaissance de la charte et du r\u00e8glement, d&rsquo;en accepter les conditions et de <a href=\"http:\/\/ceff-lab.ch\/index.php\/inscription\/\">s&rsquo;inscrire<\/a>. Selon la machine que  souhaitez utiliser, une formation est obligatoire.<\/p>\n\n\n\n<p>Si vous souhaitez venir r\u00e9guli\u00e8rement au ceff-LAB et b\u00e9n\u00e9ficier d&rsquo;un rabais sur l&rsquo;utilisation des machines, vous pouvez souscrire un abonnement.<\/p>\n","protected":false},"excerpt":{"rendered":"<p>Qu&rsquo;est-ce que le ceff-LAB ? Le Ceff-LAB est un fablab (contraction des mots fabrique et laboratoire) comme il en existe de nombreux autres dans le monde et en Suisse. Chaque fablab doit adh\u00e9rer \u00e0 la charte mise en place par le MIT (Massachusetts Institute of Technology). Les documents suivants sont disponibles au format pdf La charte FAB LAB Le&#46;&#46;&#46;<\/p>\n","protected":false},"author":1,"featured_media":0,"parent":0,"menu_order":0,"comment_status":"closed","ping_status":"closed","template":"","meta":{"footnotes":""},"class_list":["post-88","page","type-page","status-publish","hentry"],"_links":{"self":[{"href":"https:\/\/ceff-lab.ch\/index.php\/wp-json\/wp\/v2\/pages\/88"}],"collection":[{"href":"https:\/\/ceff-lab.ch\/index.php\/wp-json\/wp\/v2\/pages"}],"about":[{"href":"https:\/\/ceff-lab.ch\/index.php\/wp-json\/wp\/v2\/types\/page"}],"author":[{"embeddable":true,"href":"https:\/\/ceff-lab.ch\/index.php\/wp-json\/wp\/v2\/users\/1"}],"replies":[{"embeddable":true,"href":"https:\/\/ceff-lab.ch\/index.php\/wp-json\/wp\/v2\/comments?post=88"}],"version-history":[{"count":15,"href":"https:\/\/ceff-lab.ch\/index.php\/wp-json\/wp\/v2\/pages\/88\/revisions"}],"predecessor-version":[{"id":1141,"href":"https:\/\/ceff-lab.ch\/index.php\/wp-json\/wp\/v2\/pages\/88\/revisions\/1141"}],"wp:attachment":[{"href":"https:\/\/ceff-lab.ch\/index.php\/wp-json\/wp\/v2\/media?parent=88"}],"curies":[{"name":"wp","href":"https:\/\/api.w.org\/{rel}","templated":true}]}}